{"id":3,"date":"2024-11-13T23:13:16","date_gmt":"2024-11-13T23:13:16","guid":{"rendered":"http:\/\/box5223\/cgi\/addon_GT.cgi?s=GT::WP::Install::Cpanel+%28espangl1%29+-+127.0.0.1+%5Bnocaller%5D\/?page_id=3"},"modified":"2025-08-25T03:51:48","modified_gmt":"2025-08-25T03:51:48","slug":"privacy-policy","status":"publish","type":"page","link":"https:\/\/loveyourgutminthill.com\/es\/privacy-policy\/","title":{"rendered":"pol\u00edtica de privacidad"},"content":{"rendered":"<h1 class=\"wp-block-heading\">pol\u00edtica de privacidad<\/h1>\n\n\n\n\n  <main>\n    <ol>\n      <li>\n        <h2>Lo que recopilamos<\/h2>\n        <ul>\n          <li>\n            <strong>Informaci\u00f3n de contacto:<\/strong> Nombre, tel\u00e9fono, correo electr\u00f3nico: para reservas y comunicaci\u00f3n. (<a href=\"https:\/\/loveyourgut.fivease.com\" target=\"_blank\" rel=\"noopener\">ama tu intestino.fivease.com<\/a>, \n            <a href=\"https:\/\/loveyourgutminthill.com\/es\/\" target=\"_blank\" rel=\"noopener\">loveyourgutminthill.com<\/a>)\n          <\/li>\n          <li>\n            <strong>Informaci\u00f3n de salud:<\/strong> S\u00f3lo lo que usted revela para personalizar los tratamientos.\n          <\/li>\n        <\/ul>\n      <\/li>\n\n      <li>\n        <h2>C\u00f3mo usamos su informaci\u00f3n<\/h2>\n        <p>Para programar servicios, proporcionar recordatorios o actualizaciones de tratamientos y, ocasionalmente, compartir consejos o promociones sobre salud intestinal (si as\u00ed lo desea).<\/p>\n      <\/li>\n\n      <li>\n        <h2>Compartiendo su informaci\u00f3n<\/h2>\n        <p>Tus datos permanecen con nosotros; no los vendemos a terceros. Podemos compartirlos con socios de confianza (por ejemplo, procesadores de pagos o proveedores de mensajer\u00eda), pero solo para la prestaci\u00f3n del servicio.<\/p>\n      <\/li>\n\n      <li>\n        <h2>Seguridad de datos<\/h2>\n        <p>Protegemos tus datos con las mejores pr\u00e1cticas: cifrado, l\u00edmites de acceso y almacenamiento seguro. Sin ruidos molestos.<\/p>\n      <\/li>\n\n      <li>\n        <h2>Cookies y seguimiento<\/h2>\n        <p>Podemos usar cookies para mejorar el rendimiento del sitio y la experiencia del usuario. Puedes desactivarlas, pero algunas partes del sitio podr\u00edan actuar como un sistema digestivo lento.<\/p>\n      <\/li>\n\n      <li>\n        <h2>Sus derechos<\/h2>\n        <p>Puede solicitar el acceso, la correcci\u00f3n o la eliminaci\u00f3n de sus datos personales. \u00bfDesea darse de baja de nuestra lista de correo electr\u00f3nico? F\u00e1cil: solo tiene que avisarnos.<\/p>\n      <\/li>\n\n      <li>\n        <h2>Privacidad de los ni\u00f1os<\/h2>\n        <p>No recopilamos intencionalmente datos de ni\u00f1os menores de 16 a\u00f1os. Si un padre sospecha lo contrario, comun\u00edquese con nosotros de inmediato.<\/p>\n      <\/li>\n\n      <li>\n        <h2>Actualizaciones de pol\u00edticas<\/h2>\n        <p>Si cambiamos la forma en que tratamos sus datos, publicaremos actualizaciones aqu\u00ed. El uso continuo significa que est\u00e1 conforme con las actualizaciones.<\/p>\n      <\/li>\n\n      <li>\n        <h2>Cont\u00e1ctenos<\/h2>\n        <address>\n          \u00bfTienes preguntas, inquietudes o simplemente quieres hablar con entusiasmo sobre tu intuici\u00f3n? Cont\u00e1ctanos en\n          <a href=\"mailto:contact@loveyourgutminthill.com\">contact@loveyourgutminthill.com<\/a> o llamar\n          <a href=\"tel:+19804103532\">(980) 410-3532<\/a>. \n          (<a href=\"https:\/\/loveyourgutminthill.com\/es\/\" target=\"_blank\" rel=\"noopener\">loveyourgutminthill.com<\/a>)\n        <\/address>\n      <\/li>\n    <\/ol>\n\n\n\n<style>\n.page-content{\npadding:3rem 0px}\n<\/style>","protected":false},"excerpt":{"rendered":"<p>Privacy Policy What We Collect Contact Info: Name, phone, email \u2014 for booking and communication. (loveyourgut.fivease.com, loveyourgutminthill.com) Health Info: Only what you disclose to tailor treatments. How We Use Your Info To schedule services, provide treatment reminders or updates, and occasionally, share gut health tips or promotions (if opted-in). Sharing Your Info Your data stays [&hellip;]<\/p>\n","protected":false},"author":1,"featured_media":0,"parent":0,"menu_order":0,"comment_status":"closed","ping_status":"open","template":"","meta":{"_acf_changed":false,"nf_dc_page":"","footnotes":""},"class_list":["post-3","page","type-page","status-publish","hentry"],"acf":[],"yoast_head":"<!-- This site is optimized with the Yoast SEO plugin v27.4 - https:\/\/yoast.com\/product\/yoast-seo-wordpress\/ -->\n<title>Privacy Policy - Love Your Gut<\/title>\n<meta name=\"robots\" content=\"index, follow, max-snippet:-1, max-image-preview:large, max-video-preview:-1\" \/>\n<link rel=\"canonical\" href=\"https:\/\/loveyourgutminthill.com\/es\/privacy-policy\/\" \/>\n<meta property=\"og:locale\" content=\"es_MX\" \/>\n<meta property=\"og:type\" content=\"article\" \/>\n<meta property=\"og:title\" content=\"Privacy Policy - Love Your Gut\" \/>\n<meta property=\"og:description\" content=\"Privacy Policy What We Collect Contact Info: Name, phone, email \u2014 for booking and communication. (loveyourgut.fivease.com, loveyourgutminthill.com) Health Info: Only what you disclose to tailor treatments. How We Use Your Info To schedule services, provide treatment reminders or updates, and occasionally, share gut health tips or promotions (if opted-in). Sharing Your Info Your data stays [&hellip;]\" \/>\n<meta property=\"og:url\" content=\"https:\/\/loveyourgutminthill.com\/es\/privacy-policy\/\" \/>\n<meta property=\"og:site_name\" content=\"Love Your Gut\" \/>\n<meta property=\"article:modified_time\" content=\"2025-08-25T03:51:48+00:00\" \/>\n<meta name=\"twitter:card\" content=\"summary_large_image\" \/>\n<meta name=\"twitter:label1\" content=\"Tiempo de lectura\" \/>\n\t<meta name=\"twitter:data1\" content=\"1 minuto\" \/>\n<script type=\"application\/ld+json\" class=\"yoast-schema-graph\">{\"@context\":\"https:\\\/\\\/schema.org\",\"@graph\":[{\"@type\":\"WebPage\",\"@id\":\"https:\\\/\\\/loveyourgutminthill.com\\\/privacy-policy\\\/\",\"url\":\"https:\\\/\\\/loveyourgutminthill.com\\\/privacy-policy\\\/\",\"name\":\"Privacy Policy - Love Your Gut\",\"isPartOf\":{\"@id\":\"https:\\\/\\\/loveyourgutminthill.com\\\/#website\"},\"datePublished\":\"2024-11-13T23:13:16+00:00\",\"dateModified\":\"2025-08-25T03:51:48+00:00\",\"breadcrumb\":{\"@id\":\"https:\\\/\\\/loveyourgutminthill.com\\\/privacy-policy\\\/#breadcrumb\"},\"inLanguage\":\"es\",\"potentialAction\":[{\"@type\":\"ReadAction\",\"target\":[\"https:\\\/\\\/loveyourgutminthill.com\\\/privacy-policy\\\/\"]}]},{\"@type\":\"BreadcrumbList\",\"@id\":\"https:\\\/\\\/loveyourgutminthill.com\\\/privacy-policy\\\/#breadcrumb\",\"itemListElement\":[{\"@type\":\"ListItem\",\"position\":1,\"name\":\"Home\",\"item\":\"https:\\\/\\\/loveyourgutminthill.com\\\/\"},{\"@type\":\"ListItem\",\"position\":2,\"name\":\"Privacy Policy\"}]},{\"@type\":\"WebSite\",\"@id\":\"https:\\\/\\\/loveyourgutminthill.com\\\/#website\",\"url\":\"https:\\\/\\\/loveyourgutminthill.com\\\/\",\"name\":\"Love Your Gut\",\"description\":\"\",\"potentialAction\":[{\"@type\":\"SearchAction\",\"target\":{\"@type\":\"EntryPoint\",\"urlTemplate\":\"https:\\\/\\\/loveyourgutminthill.com\\\/?s={search_term_string}\"},\"query-input\":{\"@type\":\"PropertyValueSpecification\",\"valueRequired\":true,\"valueName\":\"search_term_string\"}}],\"inLanguage\":\"es\"}]}<\/script>\n<!-- \/ Yoast SEO plugin. -->","yoast_head_json":{"title":"Pol\u00edtica de privacidad - Love Your Gut","robots":{"index":"index","follow":"follow","max-snippet":"max-snippet:-1","max-image-preview":"max-image-preview:large","max-video-preview":"max-video-preview:-1"},"canonical":"https:\/\/loveyourgutminthill.com\/es\/privacy-policy\/","og_locale":"es_MX","og_type":"article","og_title":"Privacy Policy - Love Your Gut","og_description":"Privacy Policy What We Collect Contact Info: Name, phone, email \u2014 for booking and communication. (loveyourgut.fivease.com, loveyourgutminthill.com) Health Info: Only what you disclose to tailor treatments. How We Use Your Info To schedule services, provide treatment reminders or updates, and occasionally, share gut health tips or promotions (if opted-in). Sharing Your Info Your data stays [&hellip;]","og_url":"https:\/\/loveyourgutminthill.com\/es\/privacy-policy\/","og_site_name":"Love Your Gut","article_modified_time":"2025-08-25T03:51:48+00:00","twitter_card":"summary_large_image","twitter_misc":{"Tiempo de lectura":"1 minuto"},"schema":{"@context":"https:\/\/schema.org","@graph":[{"@type":"WebPage","@id":"https:\/\/loveyourgutminthill.com\/privacy-policy\/","url":"https:\/\/loveyourgutminthill.com\/privacy-policy\/","name":"Pol\u00edtica de privacidad - Love Your Gut","isPartOf":{"@id":"https:\/\/loveyourgutminthill.com\/#website"},"datePublished":"2024-11-13T23:13:16+00:00","dateModified":"2025-08-25T03:51:48+00:00","breadcrumb":{"@id":"https:\/\/loveyourgutminthill.com\/privacy-policy\/#breadcrumb"},"inLanguage":"es","potentialAction":[{"@type":"ReadAction","target":["https:\/\/loveyourgutminthill.com\/privacy-policy\/"]}]},{"@type":"BreadcrumbList","@id":"https:\/\/loveyourgutminthill.com\/privacy-policy\/#breadcrumb","itemListElement":[{"@type":"ListItem","position":1,"name":"Home","item":"https:\/\/loveyourgutminthill.com\/"},{"@type":"ListItem","position":2,"name":"Privacy Policy"}]},{"@type":"WebSite","@id":"https:\/\/loveyourgutminthill.com\/#website","url":"https:\/\/loveyourgutminthill.com\/","name":"Ama tu intestino","description":"","potentialAction":[{"@type":"SearchAction","target":{"@type":"EntryPoint","urlTemplate":"https:\/\/loveyourgutminthill.com\/?s={search_term_string}"},"query-input":{"@type":"PropertyValueSpecification","valueRequired":true,"valueName":"search_term_string"}}],"inLanguage":"es"}]}},"_links":{"self":[{"href":"https:\/\/loveyourgutminthill.com\/es\/wp-json\/wp\/v2\/pages\/3","targetHints":{"allow":["GET"]}}],"collection":[{"href":"https:\/\/loveyourgutminthill.com\/es\/wp-json\/wp\/v2\/pages"}],"about":[{"href":"https:\/\/loveyourgutminthill.com\/es\/wp-json\/wp\/v2\/types\/page"}],"author":[{"embeddable":true,"href":"https:\/\/loveyourgutminthill.com\/es\/wp-json\/wp\/v2\/users\/1"}],"replies":[{"embeddable":true,"href":"https:\/\/loveyourgutminthill.com\/es\/wp-json\/wp\/v2\/comments?post=3"}],"version-history":[{"count":3,"href":"https:\/\/loveyourgutminthill.com\/es\/wp-json\/wp\/v2\/pages\/3\/revisions"}],"predecessor-version":[{"id":1663,"href":"https:\/\/loveyourgutminthill.com\/es\/wp-json\/wp\/v2\/pages\/3\/revisions\/1663"}],"wp:attachment":[{"href":"https:\/\/loveyourgutminthill.com\/es\/wp-json\/wp\/v2\/media?parent=3"}],"curies":[{"name":"gracias","href":"https:\/\/api.w.org\/{rel}","templated":true}]}}